{"id":220,"date":"2023-09-08T06:12:47","date_gmt":"2023-09-08T04:12:47","guid":{"rendered":"https:\/\/tablegames.company\/?page_id=220"},"modified":"2023-10-11T04:13:58","modified_gmt":"2023-10-11T02:13:58","slug":"libimon-board-game","status":"publish","type":"page","link":"https:\/\/tablegames.company\/de\/libimon-board-game\/","title":{"rendered":"LiBiMon Board Games"},"content":{"rendered":"\t\t<div data-elementor-type=\"wp-page\" data-elementor-id=\"220\" class=\"elementor elementor-220\">\n\t\t\t\t<main class=\"elementor-element elementor-element-36636ed e-flex e-con-boxed e-con e-parent\" data-id=\"36636ed\" data-element_type=\"container\" data-e-type=\"container\">\n\t\t\t\t\t<div class=\"e-con-inner\">\n\t\t<article class=\"elementor-element elementor-element-0dbb902 e-con-full e-flex e-con e-child\" data-id=\"0dbb902\" data-element_type=\"container\" data-e-type=\"container\">\n\t\t\t\t<div class=\"elementor-element elementor-element-3f41ad1 elementor-widget elementor-widget-heading\" data-id=\"3f41ad1\" data-element_type=\"widget\" data-e-type=\"widget\" data-no-translation=\"\" data-widget_type=\"heading.default\">\n\t\t\t\t<div class=\"elementor-widget-container\">\n\t\t\t\t\t<style>.elementor-element-3f41ad1{display:none !important}<\/style>\t\t\t\t<\/div>\n\t\t\t\t<\/div>\n\t\t\t\t<div class=\"elementor-element elementor-element-449d51c elementor-widget elementor-widget-text-editor\" data-id=\"449d51c\" data-element_type=\"widget\" data-e-type=\"widget\" data-no-translation=\"\" data-widget_type=\"text-editor.default\">\n\t\t\t\t<div class=\"elementor-widget-container\">\n\t\t\t\t\t<style>.elementor-element-449d51c{display:none !important}<\/style>\t\t\t\t<\/div>\n\t\t\t\t<\/div>\n\t\t\t\t<div class=\"elementor-element elementor-element-c3a818a elementor-widget elementor-widget-heading\" data-id=\"c3a818a\" data-element_type=\"widget\" data-e-type=\"widget\" data-no-translation=\"\" data-widget_type=\"heading.default\">\n\t\t\t\t<div class=\"elementor-widget-container\">\n\t\t\t\t\t<h1 class=\"elementor-heading-title elementor-size-large\">LiBiMon My Garden Brettspiel<\/h1>\t\t\t\t<\/div>\n\t\t\t\t<\/div>\n\t\t\t\t<div class=\"elementor-element elementor-element-9bb76c0 elementor-widget elementor-widget-text-editor\" data-id=\"9bb76c0\" data-element_type=\"widget\" data-e-type=\"widget\" data-no-translation=\"\" data-widget_type=\"text-editor.default\">\n\t\t\t\t<div class=\"elementor-widget-container\">\n\t\t\t\t\t\t\t\t\t<p>Im <strong>My Garden Brettspiel,<\/strong> schl\u00fcpft ihr in die Rolle eines <strong>G\u00e4rtners und H\u00e4ndlers<\/strong>. Das Spiel dreht sich um den Anbau von Gem\u00fcse, Obst, Z\u00fcchten von Blumen, dem Management mit Wasservorr\u00e4ten und dem Recyceln von M\u00fcll.<\/p><p>Mehr zum Spiel unter <a href=\"http:\/\/libimon.com\" target=\"_blank\" rel=\"noopener\">www.libimon.com<\/a><\/p>\t\t\t\t\t\t\t\t<\/div>\n\t\t\t\t<\/div>\n\t\t\t\t<div class=\"elementor-element elementor-element-be99b2e elementor-view-default elementor-widget elementor-widget-icon\" data-id=\"be99b2e\" data-element_type=\"widget\" data-e-type=\"widget\" data-widget_type=\"icon.default\">\n\t\t\t\t<div class=\"elementor-widget-container\">\n\t\t\t\t\t\t\t<div class=\"elementor-icon-wrapper\">\n\t\t\t<div class=\"elementor-icon\">\n\t\t\t<i aria-hidden=\"true\" class=\"icon icon-planting\"><\/i>\t\t\t<\/div>\n\t\t<\/div>\n\t\t\t\t\t\t<\/div>\n\t\t\t\t<\/div>\n\t\t\t\t<\/article>\n\t\t<div class=\"elementor-element elementor-element-661f1e6 e-con-full e-flex e-con e-child\" data-id=\"661f1e6\" data-element_type=\"container\" data-e-type=\"container\">\n\t\t\t\t<div class=\"elementor-element elementor-element-97f4900 elementor-widget elementor-widget-image\" data-id=\"97f4900\" data-element_type=\"widget\" data-e-type=\"widget\" data-widget_type=\"image.default\">\n\t\t\t\t<div class=\"elementor-widget-container\">\n\t\t\t\t\t\t\t\t\t\t\t\t\t\t\t<img fetchpriority=\"high\" decoding=\"async\" width=\"530\" height=\"675\" src=\"https:\/\/tablegames.company\/wp-content\/uploads\/2023\/10\/b0.jpg\" class=\"attachment-medium_large size-medium_large wp-image-1602\" alt=\"LiBiMon My Garden Board Game with all pieces\" srcset=\"https:\/\/tablegames.company\/wp-content\/uploads\/2023\/10\/b0.jpg 530w, https:\/\/tablegames.company\/wp-content\/uploads\/2023\/10\/b0-236x300.jpg 236w, https:\/\/tablegames.company\/wp-content\/uploads\/2023\/10\/b0-9x12.jpg 9w\" sizes=\"(max-width: 530px) 100vw, 530px\" \/>\t\t\t\t\t\t\t\t\t\t\t\t\t\t\t<\/div>\n\t\t\t\t<\/div>\n\t\t\t\t<\/div>\n\t\t\t\t\t<\/div>\n\t\t\t\t<\/main>\n\t\t<div class=\"elementor-element elementor-element-f7bf85c e-flex e-con-boxed e-con e-parent\" data-id=\"f7bf85c\" data-element_type=\"container\" data-e-type=\"container\" data-settings=\"{&quot;background_background&quot;:&quot;classic&quot;}\" data-no-translation=\"\">\n\t\t\t\t\t<div class=\"e-con-inner\">\n\t\t<div class=\"elementor-element elementor-element-8e5e6a0 e-con-full e-flex e-con e-child\" data-id=\"8e5e6a0\" data-element_type=\"container\" data-e-type=\"container\">\n\t\t\t\t<div class=\"elementor-element elementor-element-c623a17 elementor-widget elementor-widget-heading\" data-id=\"c623a17\" data-element_type=\"widget\" data-e-type=\"widget\" data-widget_type=\"heading.default\">\n\t\t\t\t<div class=\"elementor-widget-container\">\n\t\t\t\t\t<h2 class=\"elementor-heading-title elementor-size-default\">Die LiBiMon Brettspiele der n\u00e4chsten Jahre<\/h2>\t\t\t\t<\/div>\n\t\t\t\t<\/div>\n\t\t\t\t<\/div>\n\t\t<div class=\"elementor-element elementor-element-d02c46b e-con-full e-flex e-con e-child\" data-id=\"d02c46b\" data-element_type=\"container\" data-e-type=\"container\">\n\t\t\t\t<div class=\"elementor-element elementor-element-2216742 elementor-widget elementor-widget-text-editor\" data-id=\"2216742\" data-element_type=\"widget\" data-e-type=\"widget\" data-widget_type=\"text-editor.default\">\n\t\t\t\t<div class=\"elementor-widget-container\">\n\t\t\t\t\t\t\t\t\t<div class=\"flex flex-grow flex-col gap-3 max-w-full\"><div class=\"min-h-[20px] flex flex-col items-start gap-3 whitespace-pre-wrap break-words overflow-x-auto\"><div class=\"markdown prose w-full break-words dark:prose-invert light\"><h3><span style=\"color: #ffffff;\">LiBiMon \u2013 kleine gro\u00dfe Monster<\/span><\/h3><p>LiBiMon entwickelt sich neben den Sammelkartenspiel, das Monster in menschlicher Gestalt in den Mittelpunkt stellt, ebenso auch zu einem Brettspiel f\u00fcr Jung und Alt. My Garden ist sogar schon fertig und demn\u00e4chst zu kaufen, wenn die Crowdfunding Kampagne Erfolg hatte.<\/p><h3><span style=\"color: #ffffff;\">Monster mit Herz und Humor<\/span><\/h3><p>LiBiMon entf\u00fchrt die Spieler in eine Welt, in der liebenswerte Monster menschliche Eigenschaften annehmen. Das Spiel kombiniert humorvolle Geschichten mit spannenden Abenteuern, die Spieler in ihren Bann ziehen.<\/p><h3><span style=\"color: #ffffff;\">Umweltschutz und Nachhaltigkeit im Spiel<\/span><\/h3><p>LiBiMon ist mehr als nur ein unterhaltsames Brettspiel. Es f\u00f6rdert auch Umweltbewusstsein und Nachhaltigkeit, da die Monster lernen, die Umwelt zu sch\u00fctzen und Ressourcen sinnvoll zu nutzen.<\/p><\/div><\/div><\/div>\t\t\t\t\t\t\t\t<\/div>\n\t\t\t\t<\/div>\n\t\t\t\t<\/div>\n\t\t<div class=\"elementor-element elementor-element-6c9c0ee e-con-full e-flex e-con e-child\" data-id=\"6c9c0ee\" data-element_type=\"container\" data-e-type=\"container\">\n\t\t\t\t<div class=\"elementor-element elementor-element-39beaa0 elementor-widget elementor-widget-text-editor\" data-id=\"39beaa0\" data-element_type=\"widget\" data-e-type=\"widget\" data-widget_type=\"text-editor.default\">\n\t\t\t\t<div class=\"elementor-widget-container\">\n\t\t\t\t\t\t\t\t\t<h3><span style=\"color: #ffffff;\">Spielerfahrung f\u00fcr die ganze Familie<\/span><\/h3><p>LiBiMon bietet eine ideale M\u00f6glichkeit, gemeinsame Zeit mit der Familie zu genie\u00dfen. Mit seinem einzigartigen Konzept spricht es Spieler jeden Alters an und schafft eine unterhaltsame Atmosph\u00e4re f\u00fcr interaktive Spielerlebnisse.<\/p><h3><span style=\"color: #ffffff;\">Ein Spiel mit Herz und Botschaft<\/span><\/h3><p>LiBiMon ist nicht nur ein Spiel, sondern auch eine Botschaft. Es erinnert uns daran, wie wichtig es ist, die Umwelt zu sch\u00fctzen und verantwortungsbewusst mit unseren Ressourcen umzugehen. Mit LiBiMon erlebt ihr nicht nur Unterhaltung, sondern auch das Recycling belohnt wird.<\/p>\t\t\t\t\t\t\t\t<\/div>\n\t\t\t\t<\/div>\n\t\t\t\t<\/div>\n\t\t\t\t\t<\/div>\n\t\t\t\t<\/div>\n\t\t<div class=\"elementor-element elementor-element-7772849c e-flex e-con-boxed e-con e-parent\" data-id=\"7772849c\" data-element_type=\"container\" data-e-type=\"container\" data-no-translation=\"\">\n\t\t\t\t\t<div class=\"e-con-inner\">\n\t\t<div class=\"elementor-element elementor-element-75c37f96 e-con-full e-flex e-con e-child\" data-id=\"75c37f96\" data-element_type=\"container\" data-e-type=\"container\">\n\t\t<div class=\"elementor-element elementor-element-52c581ef e-con-full e-flex e-con e-child\" data-id=\"52c581ef\" data-element_type=\"container\" data-e-type=\"container\">\n\t\t\t\t<div class=\"elementor-element elementor-element-648c70fe premium-mask-yes premium-mask-tb premium-header-inline premium-lq__none premium-box-lq__none elementor-widget elementor-widget-premium-addon-dual-header\" data-id=\"648c70fe\" data-element_type=\"widget\" data-e-type=\"widget\" data-widget_type=\"premium-addon-dual-header.default\">\n\t\t\t\t\t\n\t\t<div class=\"elementor-widget-container\">\n\t\t\t\t\t<h2 class=\"premium-dual-header-first-header \"><span class=\"premium-dual-header-first-span\">M\u00f6chtest Du der Company <\/span><span class=\"premium-dual-header-second-header \"> beitreten?<\/span><\/h2> \t\t\t\t<\/div>\n\n\t\t\t\t\t\t<\/div>\n\t\t\t\t<\/div>\n\t\t<div class=\"elementor-element elementor-element-38b55435 e-con-full e-flex e-con e-child\" data-id=\"38b55435\" data-element_type=\"container\" data-e-type=\"container\">\n\t\t\t\t<div class=\"elementor-element elementor-element-aafc520 elementor-align-center animated-slow elementor-mobile-align-justify elementor-invisible elementor-widget elementor-widget-button\" data-id=\"aafc520\" data-element_type=\"widget\" data-e-type=\"widget\" data-settings=\"{&quot;_animation&quot;:&quot;headShake&quot;,&quot;_animation_delay&quot;:1000}\" data-widget_type=\"button.default\">\n\t\t\t\t<div class=\"elementor-widget-container\">\n\t\t\t\t\t\t\t\t\t<div class=\"elementor-button-wrapper\">\n\t\t\t\t\t<a class=\"elementor-button elementor-button-link elementor-size-xl\" href=\"https:\/\/tablegames.company\/de\/newsletter\/\">\n\t\t\t\t\t\t<span class=\"elementor-button-content-wrapper\">\n\t\t\t\t\t\t<span class=\"elementor-button-icon\">\n\t\t\t\t<i aria-hidden=\"true\" class=\"fas fa-feather-alt\"><\/i>\t\t\t<\/span>\n\t\t\t\t\t\t\t\t\t<span class=\"elementor-button-text\">Newsletter abonnieren \ud83d\ude42<\/span>\n\t\t\t\t\t<\/span>\n\t\t\t\t\t<\/a>\n\t\t\t\t<\/div>\n\t\t\t\t\t\t\t\t<\/div>\n\t\t\t\t<\/div>\n\t\t\t\t<div class=\"elementor-element elementor-element-4dccf73d elementor-align-center animated-slow elementor-mobile-align-justify elementor-invisible elementor-widget elementor-widget-button\" data-id=\"4dccf73d\" data-element_type=\"widget\" data-e-type=\"widget\" data-settings=\"{&quot;_animation&quot;:&quot;headShake&quot;,&quot;_animation_delay&quot;:2000}\" data-widget_type=\"button.default\">\n\t\t\t\t<div class=\"elementor-widget-container\">\n\t\t\t\t\t\t\t\t\t<div class=\"elementor-button-wrapper\">\n\t\t\t\t\t<a class=\"elementor-button elementor-button-link elementor-size-xl\" href=\"https:\/\/discord.gg\/s5VD94jWXV\">\n\t\t\t\t\t\t<span class=\"elementor-button-content-wrapper\">\n\t\t\t\t\t\t<span class=\"elementor-button-icon\">\n\t\t\t\t<i aria-hidden=\"true\" class=\"fas fa-heart\"><\/i>\t\t\t<\/span>\n\t\t\t\t\t\t\t\t\t<span class=\"elementor-button-text\">Zur Discord Community<\/span>\n\t\t\t\t\t<\/span>\n\t\t\t\t\t<\/a>\n\t\t\t\t<\/div>\n\t\t\t\t\t\t\t\t<\/div>\n\t\t\t\t<\/div>\n\t\t\t\t<\/div>\n\t\t\t\t<\/div>\n\t\t\t\t\t<\/div>\n\t\t\t\t<\/div>\n\t\t\t\t<\/div>\n\t\t","protected":false},"excerpt":{"rendered":"<p>In My Garden Board Game, you take on the role of a gardener and merchant. The game is about growing vegetables, fruits, growing flowers, managing with water supplies and recycling waste. More about the game www.libimon.com LiBiMon My Garden Brettspiel Im My Garden Brettspiel, schl\u00fcpft ihr in die Rolle eines G\u00e4rtners und H\u00e4ndlers. Das Spiel [&hellip;]<\/p>\n","protected":false},"author":1,"featured_media":0,"parent":0,"menu_order":0,"comment_status":"closed","ping_status":"closed","template":"","meta":{"footnotes":""},"class_list":["post-220","page","type-page","status-publish","hentry"],"yoast_head":"<!-- This site is optimized with the Yoast SEO plugin v27.4 - https:\/\/yoast.com\/product\/yoast-seo-wordpress\/ -->\n<title>LiBiMon Board Games - Table Games Company<\/title>\n<meta name=\"description\" content=\"Own garden, vegetables, fruits and flowers, water management, trade, recycling, annoy friends and adventure travel. LiBiMon My Garden board game.\" \/>\n<meta name=\"robots\" content=\"index, follow, max-snippet:-1, max-image-preview:large, max-video-preview:-1\" \/>\n<link rel=\"canonical\" href=\"https:\/\/tablegames.company\/de\/libimon-board-game\/\" \/>\n<meta property=\"og:locale\" content=\"de_DE\" \/>\n<meta property=\"og:type\" content=\"article\" \/>\n<meta property=\"og:title\" content=\"LiBiMon Board Games - Table Games Company\" \/>\n<meta property=\"og:description\" content=\"Own garden, vegetables, fruits and flowers, water management, trade, recycling, annoy friends and adventure travel. LiBiMon My Garden board game.\" \/>\n<meta property=\"og:url\" content=\"https:\/\/tablegames.company\/de\/libimon-board-game\/\" \/>\n<meta property=\"og:site_name\" content=\"Table Games Company\" \/>\n<meta property=\"article:publisher\" content=\"https:\/\/www.facebook.com\/tablegamecompany\/\" \/>\n<meta property=\"article:modified_time\" content=\"2023-10-11T02:13:58+00:00\" \/>\n<meta property=\"og:image\" content=\"https:\/\/tablegames.company\/wp-content\/uploads\/2023\/10\/b0.jpg\" \/>\n<meta name=\"twitter:card\" content=\"summary_large_image\" \/>\n<meta name=\"twitter:site\" content=\"@tablegamenews\" \/>\n<meta name=\"twitter:label1\" content=\"Gesch\u00e4tzte Lesezeit\" \/>\n\t<meta name=\"twitter:data1\" content=\"3\u00a0Minuten\" \/>\n<script type=\"application\/ld+json\" class=\"yoast-schema-graph\">{\"@context\":\"https:\\\/\\\/schema.org\",\"@graph\":[{\"@type\":\"WebPage\",\"@id\":\"https:\\\/\\\/tablegames.company\\\/libimon-board-game\\\/\",\"url\":\"https:\\\/\\\/tablegames.company\\\/libimon-board-game\\\/\",\"name\":\"LiBiMon Board Games - Table Games Company\",\"isPartOf\":{\"@id\":\"https:\\\/\\\/tablegames.company\\\/#website\"},\"primaryImageOfPage\":{\"@id\":\"https:\\\/\\\/tablegames.company\\\/libimon-board-game\\\/#primaryimage\"},\"image\":{\"@id\":\"https:\\\/\\\/tablegames.company\\\/libimon-board-game\\\/#primaryimage\"},\"thumbnailUrl\":\"https:\\\/\\\/tablegames.company\\\/wp-content\\\/uploads\\\/2023\\\/10\\\/b0.jpg\",\"datePublished\":\"2023-09-08T04:12:47+00:00\",\"dateModified\":\"2023-10-11T02:13:58+00:00\",\"description\":\"Own garden, vegetables, fruits and flowers, water management, trade, recycling, annoy friends and adventure travel. LiBiMon My Garden board game.\",\"breadcrumb\":{\"@id\":\"https:\\\/\\\/tablegames.company\\\/libimon-board-game\\\/#breadcrumb\"},\"inLanguage\":\"de\",\"potentialAction\":[{\"@type\":\"ReadAction\",\"target\":[\"https:\\\/\\\/tablegames.company\\\/libimon-board-game\\\/\"]}]},{\"@type\":\"ImageObject\",\"inLanguage\":\"de\",\"@id\":\"https:\\\/\\\/tablegames.company\\\/libimon-board-game\\\/#primaryimage\",\"url\":\"https:\\\/\\\/tablegames.company\\\/wp-content\\\/uploads\\\/2023\\\/10\\\/b0.jpg\",\"contentUrl\":\"https:\\\/\\\/tablegames.company\\\/wp-content\\\/uploads\\\/2023\\\/10\\\/b0.jpg\"},{\"@type\":\"BreadcrumbList\",\"@id\":\"https:\\\/\\\/tablegames.company\\\/libimon-board-game\\\/#breadcrumb\",\"itemListElement\":[{\"@type\":\"ListItem\",\"position\":1,\"name\":\"Startseite\",\"item\":\"https:\\\/\\\/tablegames.company\\\/\"},{\"@type\":\"ListItem\",\"position\":2,\"name\":\"LiBiMon Board Games\"}]},{\"@type\":\"WebSite\",\"@id\":\"https:\\\/\\\/tablegames.company\\\/#website\",\"url\":\"https:\\\/\\\/tablegames.company\\\/\",\"name\":\"Table Game Company - Board Games \\\/ Tabletop\",\"description\":\"Creation of Board-Game &amp; Tabletop\",\"publisher\":{\"@id\":\"https:\\\/\\\/tablegames.company\\\/#organization\"},\"alternateName\":\"TGC - Board Games \\\/ Tabletop\",\"potentialAction\":[{\"@type\":\"SearchAction\",\"target\":{\"@type\":\"EntryPoint\",\"urlTemplate\":\"https:\\\/\\\/tablegames.company\\\/?s={search_term_string}\"},\"query-input\":{\"@type\":\"PropertyValueSpecification\",\"valueRequired\":true,\"valueName\":\"search_term_string\"}}],\"inLanguage\":\"de\"},{\"@type\":\"Organization\",\"@id\":\"https:\\\/\\\/tablegames.company\\\/#organization\",\"name\":\"Table Game Company\",\"url\":\"https:\\\/\\\/tablegames.company\\\/\",\"logo\":{\"@type\":\"ImageObject\",\"inLanguage\":\"de\",\"@id\":\"https:\\\/\\\/tablegames.company\\\/#\\\/schema\\\/logo\\\/image\\\/\",\"url\":\"https:\\\/\\\/tablegames.company\\\/wp-content\\\/uploads\\\/2025\\\/09\\\/TGC-Logo-color.png\",\"contentUrl\":\"https:\\\/\\\/tablegames.company\\\/wp-content\\\/uploads\\\/2025\\\/09\\\/TGC-Logo-color.png\",\"width\":511,\"height\":251,\"caption\":\"Table Game Company\"},\"image\":{\"@id\":\"https:\\\/\\\/tablegames.company\\\/#\\\/schema\\\/logo\\\/image\\\/\"},\"sameAs\":[\"https:\\\/\\\/www.facebook.com\\\/tablegamecompany\\\/\",\"https:\\\/\\\/x.com\\\/tablegamenews\",\"https:\\\/\\\/www.tiktok.com\\\/@tablegamecompany\",\"https:\\\/\\\/discord.gg\\\/s5VD94jWXV\"]}]}<\/script>\n<!-- \/ Yoast SEO plugin. -->","yoast_head_json":{"title":"LiBiMon Board Games - Table Games Company","description":"Own garden, vegetables, fruits and flowers, water management, trade, recycling, annoy friends and adventure travel. LiBiMon My Garden board game.","robots":{"index":"index","follow":"follow","max-snippet":"max-snippet:-1","max-image-preview":"max-image-preview:large","max-video-preview":"max-video-preview:-1"},"canonical":"https:\/\/tablegames.company\/de\/libimon-board-game\/","og_locale":"de_DE","og_type":"article","og_title":"LiBiMon Board Games - Table Games Company","og_description":"Own garden, vegetables, fruits and flowers, water management, trade, recycling, annoy friends and adventure travel. LiBiMon My Garden board game.","og_url":"https:\/\/tablegames.company\/de\/libimon-board-game\/","og_site_name":"Table Games Company","article_publisher":"https:\/\/www.facebook.com\/tablegamecompany\/","article_modified_time":"2023-10-11T02:13:58+00:00","og_image":[{"url":"https:\/\/tablegames.company\/wp-content\/uploads\/2023\/10\/b0.jpg","type":"","width":"","height":""}],"twitter_card":"summary_large_image","twitter_site":"@tablegamenews","twitter_misc":{"Gesch\u00e4tzte Lesezeit":"3\u00a0Minuten"},"schema":{"@context":"https:\/\/schema.org","@graph":[{"@type":"WebPage","@id":"https:\/\/tablegames.company\/libimon-board-game\/","url":"https:\/\/tablegames.company\/libimon-board-game\/","name":"LiBiMon Board Games - Table Games Company","isPartOf":{"@id":"https:\/\/tablegames.company\/#website"},"primaryImageOfPage":{"@id":"https:\/\/tablegames.company\/libimon-board-game\/#primaryimage"},"image":{"@id":"https:\/\/tablegames.company\/libimon-board-game\/#primaryimage"},"thumbnailUrl":"https:\/\/tablegames.company\/wp-content\/uploads\/2023\/10\/b0.jpg","datePublished":"2023-09-08T04:12:47+00:00","dateModified":"2023-10-11T02:13:58+00:00","description":"Own garden, vegetables, fruits and flowers, water management, trade, recycling, annoy friends and adventure travel. LiBiMon My Garden board game.","breadcrumb":{"@id":"https:\/\/tablegames.company\/libimon-board-game\/#breadcrumb"},"inLanguage":"de","potentialAction":[{"@type":"ReadAction","target":["https:\/\/tablegames.company\/libimon-board-game\/"]}]},{"@type":"ImageObject","inLanguage":"de","@id":"https:\/\/tablegames.company\/libimon-board-game\/#primaryimage","url":"https:\/\/tablegames.company\/wp-content\/uploads\/2023\/10\/b0.jpg","contentUrl":"https:\/\/tablegames.company\/wp-content\/uploads\/2023\/10\/b0.jpg"},{"@type":"BreadcrumbList","@id":"https:\/\/tablegames.company\/libimon-board-game\/#breadcrumb","itemListElement":[{"@type":"ListItem","position":1,"name":"Startseite","item":"https:\/\/tablegames.company\/"},{"@type":"ListItem","position":2,"name":"LiBiMon Board Games"}]},{"@type":"WebSite","@id":"https:\/\/tablegames.company\/#website","url":"https:\/\/tablegames.company\/","name":"Table Game Company - Board Games \/ Tabletop","description":"Creation of Board-Game &amp; Tabletop","publisher":{"@id":"https:\/\/tablegames.company\/#organization"},"alternateName":"TGC - Board Games \/ Tabletop","potentialAction":[{"@type":"SearchAction","target":{"@type":"EntryPoint","urlTemplate":"https:\/\/tablegames.company\/?s={search_term_string}"},"query-input":{"@type":"PropertyValueSpecification","valueRequired":true,"valueName":"search_term_string"}}],"inLanguage":"de"},{"@type":"Organization","@id":"https:\/\/tablegames.company\/#organization","name":"Table Game Company","url":"https:\/\/tablegames.company\/","logo":{"@type":"ImageObject","inLanguage":"de","@id":"https:\/\/tablegames.company\/#\/schema\/logo\/image\/","url":"https:\/\/tablegames.company\/wp-content\/uploads\/2025\/09\/TGC-Logo-color.png","contentUrl":"https:\/\/tablegames.company\/wp-content\/uploads\/2025\/09\/TGC-Logo-color.png","width":511,"height":251,"caption":"Table Game Company"},"image":{"@id":"https:\/\/tablegames.company\/#\/schema\/logo\/image\/"},"sameAs":["https:\/\/www.facebook.com\/tablegamecompany\/","https:\/\/x.com\/tablegamenews","https:\/\/www.tiktok.com\/@tablegamecompany","https:\/\/discord.gg\/s5VD94jWXV"]}]}},"_links":{"self":[{"href":"https:\/\/tablegames.company\/de\/wp-json\/wp\/v2\/pages\/220","targetHints":{"allow":["GET"]}}],"collection":[{"href":"https:\/\/tablegames.company\/de\/wp-json\/wp\/v2\/pages"}],"about":[{"href":"https:\/\/tablegames.company\/de\/wp-json\/wp\/v2\/types\/page"}],"author":[{"embeddable":true,"href":"https:\/\/tablegames.company\/de\/wp-json\/wp\/v2\/users\/1"}],"replies":[{"embeddable":true,"href":"https:\/\/tablegames.company\/de\/wp-json\/wp\/v2\/comments?post=220"}],"version-history":[{"count":0,"href":"https:\/\/tablegames.company\/de\/wp-json\/wp\/v2\/pages\/220\/revisions"}],"wp:attachment":[{"href":"https:\/\/tablegames.company\/de\/wp-json\/wp\/v2\/media?parent=220"}],"curies":[{"name":"wp","href":"https:\/\/api.w.org\/{rel}","templated":true}]}}