{"id":575,"date":"2023-09-13T03:33:24","date_gmt":"2023-09-13T01:33:24","guid":{"rendered":"https:\/\/tablegamecompany.com\/?page_id=575"},"modified":"2023-10-11T03:21:03","modified_gmt":"2023-10-11T01:21:03","slug":"libimon-trading-card-games","status":"publish","type":"page","link":"https:\/\/tablegames.company\/de\/libimon-trading-card-games\/","title":{"rendered":"LiBiMon Trading Card Games"},"content":{"rendered":"\t\t<div data-elementor-type=\"wp-page\" data-elementor-id=\"575\" class=\"elementor elementor-575\">\n\t\t\t\t<div class=\"elementor-element elementor-element-f76d72d e-con-full e-flex e-con e-parent\" data-id=\"f76d72d\" data-element_type=\"container\" data-e-type=\"container\">\n\t\t\t\t<div class=\"elementor-element elementor-element-26cd3ba elementor-hidden-mobile elementor-widget__width-inherit elementor-widget elementor-widget-image\" data-id=\"26cd3ba\" data-element_type=\"widget\" data-e-type=\"widget\" data-widget_type=\"image.default\">\n\t\t\t\t<div class=\"elementor-widget-container\">\n\t\t\t\t\t\t\t\t\t\t\t\t\t\t\t<img decoding=\"async\" src=\"https:\/\/libimon.com\/wp-content\/uploads\/2023\/09\/tgc-banner-xxl.jpg\" title=\"\" alt=\"\" loading=\"lazy\" \/>\t\t\t\t\t\t\t\t\t\t\t\t\t\t\t<\/div>\n\t\t\t\t<\/div>\n\t\t\t\t<div class=\"elementor-element elementor-element-941eb9d elementor-hidden-desktop elementor-hidden-tablet elementor-widget-mobile__width-inherit elementor-widget elementor-widget-image\" data-id=\"941eb9d\" data-element_type=\"widget\" data-e-type=\"widget\" data-widget_type=\"image.default\">\n\t\t\t\t<div class=\"elementor-widget-container\">\n\t\t\t\t\t\t\t\t\t\t\t\t\t\t\t<img decoding=\"async\" src=\"https:\/\/libimon.com\/wp-content\/uploads\/2023\/09\/tcg-banner-xxl-mobile-scaled.jpg\" title=\"\" alt=\"\" loading=\"lazy\" \/>\t\t\t\t\t\t\t\t\t\t\t\t\t\t\t<\/div>\n\t\t\t\t<\/div>\n\t\t\t\t<\/div>\n\t\t<div class=\"elementor-element elementor-element-b903e18 e-flex e-con-boxed e-con e-parent\" data-id=\"b903e18\" data-element_type=\"container\" data-e-type=\"container\">\n\t\t\t\t\t<div class=\"e-con-inner\">\n\t\t\t\t<div class=\"elementor-element elementor-element-c3a818a elementor-widget elementor-widget-heading\" data-id=\"c3a818a\" data-element_type=\"widget\" data-e-type=\"widget\" data-no-translation=\"\" data-widget_type=\"heading.default\">\n\t\t\t\t<div class=\"elementor-widget-container\">\n\t\t\t\t\t<h1 class=\"elementor-heading-title elementor-size-large\">LiBiMon Trainer - Das Duell und Sammelkarten Spiel<\/h1>\t\t\t\t<\/div>\n\t\t\t\t<\/div>\n\t\t\t\t<div class=\"elementor-element elementor-element-9bb76c0 elementor-widget elementor-widget-text-editor\" data-id=\"9bb76c0\" data-element_type=\"widget\" data-e-type=\"widget\" data-no-translation=\"\" data-widget_type=\"text-editor.default\">\n\t\t\t\t<div class=\"elementor-widget-container\">\n\t\t\t\t\t\t\t\t\t<p>Das Sammelkarten Spiel zu LiBiMon ist vorerst ein Konzept und wird eine lange Zeit in Entwicklung sein. Trage dich gerne im Newsletter ein um \u00fcber den fortlaufenden Prozess informiert zu werden \ud83d\ude42<\/p>\t\t\t\t\t\t\t\t<\/div>\n\t\t\t\t<\/div>\n\t\t\t\t<div class=\"elementor-element elementor-element-3f41ad1 elementor-widget elementor-widget-heading\" data-id=\"3f41ad1\" data-element_type=\"widget\" data-e-type=\"widget\" data-no-translation=\"\" data-widget_type=\"heading.default\">\n\t\t\t\t<div class=\"elementor-widget-container\">\n\t\t\t\t\t<style>.elementor-element-3f41ad1{display:none !important}<\/style>\t\t\t\t<\/div>\n\t\t\t\t<\/div>\n\t\t\t\t<div class=\"elementor-element elementor-element-449d51c elementor-widget elementor-widget-text-editor\" data-id=\"449d51c\" data-element_type=\"widget\" data-e-type=\"widget\" data-no-translation=\"\" data-widget_type=\"text-editor.default\">\n\t\t\t\t<div class=\"elementor-widget-container\">\n\t\t\t\t\t<style>.elementor-element-449d51c{display:none !important}<\/style>\t\t\t\t<\/div>\n\t\t\t\t<\/div>\n\t\t\t\t\t<\/div>\n\t\t\t\t<\/div>\n\t\t<div class=\"elementor-element elementor-element-0744c29 e-flex e-con-boxed e-con e-parent\" data-id=\"0744c29\" data-element_type=\"container\" data-e-type=\"container\" data-settings=\"{&quot;background_background&quot;:&quot;classic&quot;}\" data-no-translation=\"\">\n\t\t\t\t\t<div class=\"e-con-inner\">\n\t\t<div class=\"elementor-element elementor-element-0717f8f e-con-full e-flex e-con e-child\" data-id=\"0717f8f\" data-element_type=\"container\" data-e-type=\"container\">\n\t\t\t\t<div class=\"elementor-element elementor-element-c58f23b elementor-widget elementor-widget-heading\" data-id=\"c58f23b\" data-element_type=\"widget\" data-e-type=\"widget\" data-widget_type=\"heading.default\">\n\t\t\t\t<div class=\"elementor-widget-container\">\n\t\t\t\t\t<h2 class=\"elementor-heading-title elementor-size-default\">Was sind eigentlich TCG's? Also diese Sammelkarten Spiele.<\/h2>\t\t\t\t<\/div>\n\t\t\t\t<\/div>\n\t\t\t\t<\/div>\n\t\t<div class=\"elementor-element elementor-element-54494c7 e-con-full e-flex e-con e-child\" data-id=\"54494c7\" data-element_type=\"container\" data-e-type=\"container\">\n\t\t\t\t<div class=\"elementor-element elementor-element-6f45acd elementor-widget elementor-widget-text-editor\" data-id=\"6f45acd\" data-element_type=\"widget\" data-e-type=\"widget\" data-widget_type=\"text-editor.default\">\n\t\t\t\t<div class=\"elementor-widget-container\">\n\t\t\t\t\t\t\t\t\t<div class=\"flex flex-grow flex-col gap-3 max-w-full\"><div class=\"min-h-[20px] flex flex-col items-start gap-3 whitespace-pre-wrap break-words overflow-x-auto\"><div class=\"markdown prose w-full break-words dark:prose-invert light\"><h3><span style=\"color: #ffffff;\">Die Faszination der Sammelkartenspiele<\/span><\/h3><p>Sammelkartenspiele haben seit ihrer Einf\u00fchrung einen besonderen Platz in den Herzen von Spielern auf der ganzen Welt gefunden. Diese fesselnde Form des Wettbewerbs hat eine lange und reiche Geschichte. In diesem Artikel erkunden wir die aufregende Welt der Sammelkartenspiele und wie sie die Gaming-Community seit Jahren begeistern.<\/p><h3><span style=\"color: #ffffff;\">Die Grundlagen von Sammelkartenspielen<\/span><\/h3><p>Sammelkartenspiele, oft als TCGs (Trading Card Games) bezeichnet, sind strategische Kartenspiele, bei denen Spieler Decks aus Sammelkarten erstellen und diese verwenden, um ihre Gegner herauszufordern. Diese Karten repr\u00e4sentieren Charaktere, Kreaturen und F\u00e4higkeiten, die in packenden Duellen eingesetzt werden.<\/p><h3><span style=\"color: #ffffff;\">Strategie und Taktik<\/span><\/h3><p>Das Herzst\u00fcck eines jeden Sammelkartenspiels ist die strategische Tiefe. Spieler m\u00fcssen klug planen, welche Karten sie in ihre Decks aufnehmen und wie sie diese im Spiel einsetzen. Es geht darum, die St\u00e4rken der eigenen Karten auszunutzen und die Schw\u00e4chen des Gegners zu erkennen. Dies erfordert sorgf\u00e4ltige Planung und taktisches Geschick.<\/p><\/div><\/div><\/div>\t\t\t\t\t\t\t\t<\/div>\n\t\t\t\t<\/div>\n\t\t\t\t<\/div>\n\t\t<div class=\"elementor-element elementor-element-d5c3743 e-con-full e-flex e-con e-child\" data-id=\"d5c3743\" data-element_type=\"container\" data-e-type=\"container\">\n\t\t\t\t<div class=\"elementor-element elementor-element-340884d elementor-widget elementor-widget-text-editor\" data-id=\"340884d\" data-element_type=\"widget\" data-e-type=\"widget\" data-widget_type=\"text-editor.default\">\n\t\t\t\t<div class=\"elementor-widget-container\">\n\t\t\t\t\t\t\t\t\t<h3><span style=\"color: #ffffff;\">Die Sammelleidenschaft<\/span><\/h3><p>Eine der aufregendsten Komponenten von Sammelkartenspielen ist die Jagd nach neuen Karten. Spieler kaufen Booster-Packs, tauschen Karten und erweitern st\u00e4ndig ihre Sammlungen. Das Gl\u00fcck, eine seltene oder holographische Karte zu ziehen, verleiht dem Sammeln einen zus\u00e4tzlichen Reiz.<\/p><h3><span style=\"color: #ffffff;\">Wettbewerbsf\u00e4hige Turniere<\/span><\/h3><p>Sammelkartenspiele bieten auch eine Arena f\u00fcr Wettbewerbe auf h\u00f6chstem Niveau. In offiziellen Turnieren k\u00f6nnen Spieler ihre F\u00e4higkeiten unter Beweis stellen und sich mit anderen messen. Diese Turniere ziehen oft Teilnehmer aus der ganzen Welt an und bieten Preisgelder und Anerkennung.<\/p><h3><span style=\"color: #ffffff;\">Die soziale Komponente<\/span><\/h3><p>TCGs f\u00f6rdern die soziale Interaktion zwischen Spielern. Tauschhandel, Diskussionen \u00fcber Strategien und das Spielen von Duellen mit Freunden schaffen eine lebendige Community. Dieser soziale Aspekt ist ein Grund, warum Sammelkartenspiele so beliebt sind.<\/p>\t\t\t\t\t\t\t\t<\/div>\n\t\t\t\t<\/div>\n\t\t\t\t<\/div>\n\t\t\t\t\t<\/div>\n\t\t\t\t<\/div>\n\t\t<div class=\"elementor-element elementor-element-6a7ca81 e-flex e-con-boxed e-con e-parent\" data-id=\"6a7ca81\" data-element_type=\"container\" data-e-type=\"container\" data-settings=\"{&quot;background_background&quot;:&quot;classic&quot;}\" data-no-translation=\"\">\n\t\t\t\t\t<div class=\"e-con-inner\">\n\t\t<div class=\"elementor-element elementor-element-3f2b79f e-con-full e-flex e-con e-child\" data-id=\"3f2b79f\" data-element_type=\"container\" data-e-type=\"container\">\n\t\t\t\t<div class=\"elementor-element elementor-element-4e15e68 elementor-widget elementor-widget-text-editor\" data-id=\"4e15e68\" data-element_type=\"widget\" data-e-type=\"widget\" data-widget_type=\"text-editor.default\">\n\t\t\t\t<div class=\"elementor-widget-container\">\n\t\t\t\t\t\t\t\t\t<h3><span style=\"color: #ffffff;\">Die Evolution der Sammelkartenspiele<\/span><\/h3><p>Sammelkartenspiele haben sich im Laufe der Jahre weiterentwickelt und angepasst. Neue Mechaniken, Karten und Erweiterungen halten die Spieler immer wieder bei Laune. Die Evolution dieser Spiele erm\u00f6glicht es den Fans, sich st\u00e4ndig auf frische Herausforderungen einzulassen.<\/p><h3><span style=\"color: #ffffff;\">Einfl\u00fcsse auf die Gaming-Welt<\/span><\/h3><p>Sammelkartenspiele haben die Welt des Gaming nachhaltig beeinflusst. Sie haben dazu beigetragen, den eSports zu f\u00f6rdern und eine breite Spielerbasis zu schaffen. Die F\u00e4higkeiten, die Spieler in TCGs entwickeln, k\u00f6nnen auf andere Spiele \u00fcbertragen werden, was zu einer tieferen Verbindung zwischen verschiedenen Spielgenres f\u00fchrt.<\/p>\t\t\t\t\t\t\t\t<\/div>\n\t\t\t\t<\/div>\n\t\t\t\t<\/div>\n\t\t<div class=\"elementor-element elementor-element-1668e80 e-con-full e-flex e-con e-child\" data-id=\"1668e80\" data-element_type=\"container\" data-e-type=\"container\">\n\t\t\t\t<div class=\"elementor-element elementor-element-8e3f380 elementor-widget elementor-widget-text-editor\" data-id=\"8e3f380\" data-element_type=\"widget\" data-e-type=\"widget\" data-widget_type=\"text-editor.default\">\n\t\t\t\t<div class=\"elementor-widget-container\">\n\t\t\t\t\t\t\t\t\t<h3><span style=\"color: #ffffff;\">Die Magie des Sammelkartenspie<strong>ls<\/strong><\/span><\/h3><p>TCGs bieten eine einzigartige Mischung aus Strategie, Sammelleidenschaft und sozialer Interaktion. Ihre F\u00e4higkeit, Menschen aus verschiedenen Hintergr\u00fcnden und Kulturen zusammenzubringen, ist eine der bemerkenswerten Eigenschaften dieser Spiele. Die Sammelkartenspiele haben in der Welt des Gaming einen unverg\u00e4nglichen Zauber gewoben, der auch weiterhin Spieler in ihren Bann ziehen wird.<\/p><h3><span style=\"color: #ffffff;\">In die Welt der Sammelkartenspiele eintauchen<\/span><\/h3><p>M\u00f6chtest auch Du die Faszination der Sammelkartenspiele erleben? Tauche ein in diese neue LiBiMon Welt, sammel kleine und gro\u00dfe Monster, entwickel Strategien und genie\u00dfe die aufregende Welt von LiBiMon. Wann es los geht erf\u00e4hrst du wenn du unseren Newsletter abonnierst.<\/p>\t\t\t\t\t\t\t\t<\/div>\n\t\t\t\t<\/div>\n\t\t\t\t<\/div>\n\t\t\t\t\t<\/div>\n\t\t\t\t<\/div>\n\t\t<div class=\"elementor-element elementor-element-5be1b2a e-flex e-con-boxed e-con e-parent\" data-id=\"5be1b2a\" data-element_type=\"container\" data-e-type=\"container\" data-no-translation=\"\">\n\t\t\t\t\t<div class=\"e-con-inner\">\n\t\t<div class=\"elementor-element elementor-element-0c63e6b e-con-full e-flex e-con e-child\" data-id=\"0c63e6b\" data-element_type=\"container\" data-e-type=\"container\">\n\t\t<div class=\"elementor-element elementor-element-7593e1c e-con-full e-flex e-con e-child\" data-id=\"7593e1c\" data-element_type=\"container\" data-e-type=\"container\">\n\t\t\t\t<div class=\"elementor-element elementor-element-206ac80 premium-mask-yes premium-mask-tb premium-header-inline premium-lq__none premium-box-lq__none elementor-widget elementor-widget-premium-addon-dual-header\" data-id=\"206ac80\" data-element_type=\"widget\" data-e-type=\"widget\" data-widget_type=\"premium-addon-dual-header.default\">\n\t\t\t\t\t\n\t\t<div class=\"elementor-widget-container\">\n\t\t\t\t\t<h2 class=\"premium-dual-header-first-header \"><span class=\"premium-dual-header-first-span\">M\u00f6chtest Du der Company <\/span><span class=\"premium-dual-header-second-header \"> beitreten?<\/span><\/h2> \t\t\t\t<\/div>\n\n\t\t\t\t\t\t<\/div>\n\t\t\t\t<\/div>\n\t\t<div class=\"elementor-element elementor-element-8907c26 e-con-full e-flex e-con e-child\" data-id=\"8907c26\" data-element_type=\"container\" data-e-type=\"container\">\n\t\t\t\t<div class=\"elementor-element elementor-element-50d41b3 elementor-align-center animated-slow elementor-mobile-align-justify elementor-invisible elementor-widget elementor-widget-button\" data-id=\"50d41b3\" data-element_type=\"widget\" data-e-type=\"widget\" data-settings=\"{&quot;_animation&quot;:&quot;headShake&quot;,&quot;_animation_delay&quot;:1000}\" data-widget_type=\"button.default\">\n\t\t\t\t<div class=\"elementor-widget-container\">\n\t\t\t\t\t\t\t\t\t<div class=\"elementor-button-wrapper\">\n\t\t\t\t\t<a class=\"elementor-button elementor-button-link elementor-size-xl\" href=\"https:\/\/tablegames.company\/de\/newsletter\/\">\n\t\t\t\t\t\t<span class=\"elementor-button-content-wrapper\">\n\t\t\t\t\t\t<span class=\"elementor-button-icon\">\n\t\t\t\t<i aria-hidden=\"true\" class=\"fas fa-feather-alt\"><\/i>\t\t\t<\/span>\n\t\t\t\t\t\t\t\t\t<span class=\"elementor-button-text\">Newsletter abonnieren \ud83d\ude42<\/span>\n\t\t\t\t\t<\/span>\n\t\t\t\t\t<\/a>\n\t\t\t\t<\/div>\n\t\t\t\t\t\t\t\t<\/div>\n\t\t\t\t<\/div>\n\t\t\t\t<div class=\"elementor-element elementor-element-15f0a63 elementor-align-center animated-slow elementor-mobile-align-justify elementor-invisible elementor-widget elementor-widget-button\" data-id=\"15f0a63\" data-element_type=\"widget\" data-e-type=\"widget\" data-settings=\"{&quot;_animation&quot;:&quot;headShake&quot;,&quot;_animation_delay&quot;:2000}\" data-widget_type=\"button.default\">\n\t\t\t\t<div class=\"elementor-widget-container\">\n\t\t\t\t\t\t\t\t\t<div class=\"elementor-button-wrapper\">\n\t\t\t\t\t<a class=\"elementor-button elementor-button-link elementor-size-xl\" href=\"https:\/\/discord.gg\/s5VD94jWXV\">\n\t\t\t\t\t\t<span class=\"elementor-button-content-wrapper\">\n\t\t\t\t\t\t<span class=\"elementor-button-icon\">\n\t\t\t\t<i aria-hidden=\"true\" class=\"fas fa-heart\"><\/i>\t\t\t<\/span>\n\t\t\t\t\t\t\t\t\t<span class=\"elementor-button-text\">Zur Discord Community<\/span>\n\t\t\t\t\t<\/span>\n\t\t\t\t\t<\/a>\n\t\t\t\t<\/div>\n\t\t\t\t\t\t\t\t<\/div>\n\t\t\t\t<\/div>\n\t\t\t\t<\/div>\n\t\t\t\t<\/div>\n\t\t\t\t\t<\/div>\n\t\t\t\t<\/div>\n\t\t\t\t<\/div>\n\t\t","protected":false},"excerpt":{"rendered":"<p>LiBiMon Trainer &#8211; Das Duell und Sammelkarten Spiel Das Sammelkarten Spiel zu LiBiMon ist vorerst ein Konzept und wird eine lange Zeit in Entwicklung sein. Trage dich gerne im Newsletter ein um \u00fcber den fortlaufenden Prozess informiert zu werden \ud83d\ude42 The LiBiMon trading card game is a concept for now and will be in development [&hellip;]<\/p>\n","protected":false},"author":1,"featured_media":0,"parent":0,"menu_order":0,"comment_status":"closed","ping_status":"closed","template":"","meta":{"footnotes":""},"class_list":["post-575","page","type-page","status-publish","hentry"],"yoast_head":"<!-- This site is optimized with the Yoast SEO plugin v27.4 - https:\/\/yoast.com\/product\/yoast-seo-wordpress\/ -->\n<title>LiBiMon Trading Card Games - Table Games Company<\/title>\n<meta name=\"description\" content=\"Discover the world of LiBiMon&#039;s Collectible, Trading Card Games (TCGs) - strategy, collecting, and competition.\" \/>\n<meta name=\"robots\" content=\"index, follow, max-snippet:-1, max-image-preview:large, max-video-preview:-1\" \/>\n<link rel=\"canonical\" href=\"https:\/\/tablegames.company\/de\/libimon-trading-card-games\/\" \/>\n<meta property=\"og:locale\" content=\"de_DE\" \/>\n<meta property=\"og:type\" content=\"article\" \/>\n<meta property=\"og:title\" content=\"LiBiMon Trading Card Games - Table Games Company\" \/>\n<meta property=\"og:description\" content=\"Discover the world of LiBiMon&#039;s Collectible, Trading Card Games (TCGs) - strategy, collecting, and competition.\" \/>\n<meta property=\"og:url\" content=\"https:\/\/tablegames.company\/de\/libimon-trading-card-games\/\" \/>\n<meta property=\"og:site_name\" content=\"Table Games Company\" \/>\n<meta property=\"article:publisher\" content=\"https:\/\/www.facebook.com\/tablegamecompany\/\" \/>\n<meta property=\"article:modified_time\" content=\"2023-10-11T01:21:03+00:00\" \/>\n<meta property=\"og:image\" content=\"https:\/\/tablegames.company\/wp-content\/uploads\/2023\/09\/tgc-banner-xxl.jpg\" \/>\n<meta name=\"twitter:card\" content=\"summary_large_image\" \/>\n<meta name=\"twitter:site\" content=\"@tablegamenews\" \/>\n<meta name=\"twitter:label1\" content=\"Gesch\u00e4tzte Lesezeit\" \/>\n\t<meta name=\"twitter:data1\" content=\"7\u00a0Minuten\" \/>\n<script type=\"application\/ld+json\" class=\"yoast-schema-graph\">{\"@context\":\"https:\\\/\\\/schema.org\",\"@graph\":[{\"@type\":\"WebPage\",\"@id\":\"https:\\\/\\\/tablegames.company\\\/libimon-trading-card-games\\\/\",\"url\":\"https:\\\/\\\/tablegames.company\\\/libimon-trading-card-games\\\/\",\"name\":\"LiBiMon Trading Card Games - Table Games Company\",\"isPartOf\":{\"@id\":\"https:\\\/\\\/tablegames.company\\\/#website\"},\"primaryImageOfPage\":{\"@id\":\"https:\\\/\\\/tablegames.company\\\/libimon-trading-card-games\\\/#primaryimage\"},\"image\":{\"@id\":\"https:\\\/\\\/tablegames.company\\\/libimon-trading-card-games\\\/#primaryimage\"},\"thumbnailUrl\":\"https:\\\/\\\/tablegames.company\\\/wp-content\\\/uploads\\\/2023\\\/09\\\/tgc-banner-xxl.jpg\",\"datePublished\":\"2023-09-13T01:33:24+00:00\",\"dateModified\":\"2023-10-11T01:21:03+00:00\",\"description\":\"Discover the world of LiBiMon's Collectible, Trading Card Games (TCGs) - strategy, collecting, and competition.\",\"breadcrumb\":{\"@id\":\"https:\\\/\\\/tablegames.company\\\/libimon-trading-card-games\\\/#breadcrumb\"},\"inLanguage\":\"de\",\"potentialAction\":[{\"@type\":\"ReadAction\",\"target\":[\"https:\\\/\\\/tablegames.company\\\/libimon-trading-card-games\\\/\"]}]},{\"@type\":\"ImageObject\",\"inLanguage\":\"de\",\"@id\":\"https:\\\/\\\/tablegames.company\\\/libimon-trading-card-games\\\/#primaryimage\",\"url\":\"https:\\\/\\\/tablegames.company\\\/wp-content\\\/uploads\\\/2023\\\/09\\\/tgc-banner-xxl.jpg\",\"contentUrl\":\"https:\\\/\\\/tablegames.company\\\/wp-content\\\/uploads\\\/2023\\\/09\\\/tgc-banner-xxl.jpg\"},{\"@type\":\"BreadcrumbList\",\"@id\":\"https:\\\/\\\/tablegames.company\\\/libimon-trading-card-games\\\/#breadcrumb\",\"itemListElement\":[{\"@type\":\"ListItem\",\"position\":1,\"name\":\"Startseite\",\"item\":\"https:\\\/\\\/tablegames.company\\\/\"},{\"@type\":\"ListItem\",\"position\":2,\"name\":\"LiBiMon Trading Card Games\"}]},{\"@type\":\"WebSite\",\"@id\":\"https:\\\/\\\/tablegames.company\\\/#website\",\"url\":\"https:\\\/\\\/tablegames.company\\\/\",\"name\":\"Table Game Company - Board Games \\\/ Tabletop\",\"description\":\"Creation of Board-Game &amp; Tabletop\",\"publisher\":{\"@id\":\"https:\\\/\\\/tablegames.company\\\/#organization\"},\"alternateName\":\"TGC - Board Games \\\/ Tabletop\",\"potentialAction\":[{\"@type\":\"SearchAction\",\"target\":{\"@type\":\"EntryPoint\",\"urlTemplate\":\"https:\\\/\\\/tablegames.company\\\/?s={search_term_string}\"},\"query-input\":{\"@type\":\"PropertyValueSpecification\",\"valueRequired\":true,\"valueName\":\"search_term_string\"}}],\"inLanguage\":\"de\"},{\"@type\":\"Organization\",\"@id\":\"https:\\\/\\\/tablegames.company\\\/#organization\",\"name\":\"Table Game Company\",\"url\":\"https:\\\/\\\/tablegames.company\\\/\",\"logo\":{\"@type\":\"ImageObject\",\"inLanguage\":\"de\",\"@id\":\"https:\\\/\\\/tablegames.company\\\/#\\\/schema\\\/logo\\\/image\\\/\",\"url\":\"https:\\\/\\\/tablegames.company\\\/wp-content\\\/uploads\\\/2025\\\/09\\\/TGC-Logo-color.png\",\"contentUrl\":\"https:\\\/\\\/tablegames.company\\\/wp-content\\\/uploads\\\/2025\\\/09\\\/TGC-Logo-color.png\",\"width\":511,\"height\":251,\"caption\":\"Table Game Company\"},\"image\":{\"@id\":\"https:\\\/\\\/tablegames.company\\\/#\\\/schema\\\/logo\\\/image\\\/\"},\"sameAs\":[\"https:\\\/\\\/www.facebook.com\\\/tablegamecompany\\\/\",\"https:\\\/\\\/x.com\\\/tablegamenews\",\"https:\\\/\\\/www.tiktok.com\\\/@tablegamecompany\",\"https:\\\/\\\/discord.gg\\\/s5VD94jWXV\"]}]}<\/script>\n<!-- \/ Yoast SEO plugin. -->","yoast_head_json":{"title":"LiBiMon Trading Card Games - Table Games Company","description":"Discover the world of LiBiMon's Collectible, Trading Card Games (TCGs) - strategy, collecting, and competition.","robots":{"index":"index","follow":"follow","max-snippet":"max-snippet:-1","max-image-preview":"max-image-preview:large","max-video-preview":"max-video-preview:-1"},"canonical":"https:\/\/tablegames.company\/de\/libimon-trading-card-games\/","og_locale":"de_DE","og_type":"article","og_title":"LiBiMon Trading Card Games - Table Games Company","og_description":"Discover the world of LiBiMon's Collectible, Trading Card Games (TCGs) - strategy, collecting, and competition.","og_url":"https:\/\/tablegames.company\/de\/libimon-trading-card-games\/","og_site_name":"Table Games Company","article_publisher":"https:\/\/www.facebook.com\/tablegamecompany\/","article_modified_time":"2023-10-11T01:21:03+00:00","og_image":[{"url":"https:\/\/tablegames.company\/wp-content\/uploads\/2023\/09\/tgc-banner-xxl.jpg","type":"","width":"","height":""}],"twitter_card":"summary_large_image","twitter_site":"@tablegamenews","twitter_misc":{"Gesch\u00e4tzte Lesezeit":"7\u00a0Minuten"},"schema":{"@context":"https:\/\/schema.org","@graph":[{"@type":"WebPage","@id":"https:\/\/tablegames.company\/libimon-trading-card-games\/","url":"https:\/\/tablegames.company\/libimon-trading-card-games\/","name":"LiBiMon Trading Card Games - Table Games Company","isPartOf":{"@id":"https:\/\/tablegames.company\/#website"},"primaryImageOfPage":{"@id":"https:\/\/tablegames.company\/libimon-trading-card-games\/#primaryimage"},"image":{"@id":"https:\/\/tablegames.company\/libimon-trading-card-games\/#primaryimage"},"thumbnailUrl":"https:\/\/tablegames.company\/wp-content\/uploads\/2023\/09\/tgc-banner-xxl.jpg","datePublished":"2023-09-13T01:33:24+00:00","dateModified":"2023-10-11T01:21:03+00:00","description":"Discover the world of LiBiMon's Collectible, Trading Card Games (TCGs) - strategy, collecting, and competition.","breadcrumb":{"@id":"https:\/\/tablegames.company\/libimon-trading-card-games\/#breadcrumb"},"inLanguage":"de","potentialAction":[{"@type":"ReadAction","target":["https:\/\/tablegames.company\/libimon-trading-card-games\/"]}]},{"@type":"ImageObject","inLanguage":"de","@id":"https:\/\/tablegames.company\/libimon-trading-card-games\/#primaryimage","url":"https:\/\/tablegames.company\/wp-content\/uploads\/2023\/09\/tgc-banner-xxl.jpg","contentUrl":"https:\/\/tablegames.company\/wp-content\/uploads\/2023\/09\/tgc-banner-xxl.jpg"},{"@type":"BreadcrumbList","@id":"https:\/\/tablegames.company\/libimon-trading-card-games\/#breadcrumb","itemListElement":[{"@type":"ListItem","position":1,"name":"Startseite","item":"https:\/\/tablegames.company\/"},{"@type":"ListItem","position":2,"name":"LiBiMon Trading Card Games"}]},{"@type":"WebSite","@id":"https:\/\/tablegames.company\/#website","url":"https:\/\/tablegames.company\/","name":"Table Game Company - Board Games \/ Tabletop","description":"Creation of Board-Game &amp; Tabletop","publisher":{"@id":"https:\/\/tablegames.company\/#organization"},"alternateName":"TGC - Board Games \/ Tabletop","potentialAction":[{"@type":"SearchAction","target":{"@type":"EntryPoint","urlTemplate":"https:\/\/tablegames.company\/?s={search_term_string}"},"query-input":{"@type":"PropertyValueSpecification","valueRequired":true,"valueName":"search_term_string"}}],"inLanguage":"de"},{"@type":"Organization","@id":"https:\/\/tablegames.company\/#organization","name":"Table Game Company","url":"https:\/\/tablegames.company\/","logo":{"@type":"ImageObject","inLanguage":"de","@id":"https:\/\/tablegames.company\/#\/schema\/logo\/image\/","url":"https:\/\/tablegames.company\/wp-content\/uploads\/2025\/09\/TGC-Logo-color.png","contentUrl":"https:\/\/tablegames.company\/wp-content\/uploads\/2025\/09\/TGC-Logo-color.png","width":511,"height":251,"caption":"Table Game Company"},"image":{"@id":"https:\/\/tablegames.company\/#\/schema\/logo\/image\/"},"sameAs":["https:\/\/www.facebook.com\/tablegamecompany\/","https:\/\/x.com\/tablegamenews","https:\/\/www.tiktok.com\/@tablegamecompany","https:\/\/discord.gg\/s5VD94jWXV"]}]}},"_links":{"self":[{"href":"https:\/\/tablegames.company\/de\/wp-json\/wp\/v2\/pages\/575","targetHints":{"allow":["GET"]}}],"collection":[{"href":"https:\/\/tablegames.company\/de\/wp-json\/wp\/v2\/pages"}],"about":[{"href":"https:\/\/tablegames.company\/de\/wp-json\/wp\/v2\/types\/page"}],"author":[{"embeddable":true,"href":"https:\/\/tablegames.company\/de\/wp-json\/wp\/v2\/users\/1"}],"replies":[{"embeddable":true,"href":"https:\/\/tablegames.company\/de\/wp-json\/wp\/v2\/comments?post=575"}],"version-history":[{"count":0,"href":"https:\/\/tablegames.company\/de\/wp-json\/wp\/v2\/pages\/575\/revisions"}],"wp:attachment":[{"href":"https:\/\/tablegames.company\/de\/wp-json\/wp\/v2\/media?parent=575"}],"curies":[{"name":"wp","href":"https:\/\/api.w.org\/{rel}","templated":true}]}}