{"id":608,"date":"2023-09-14T00:25:42","date_gmt":"2023-09-13T22:25:42","guid":{"rendered":"https:\/\/tablegamecompany.com\/?page_id=608"},"modified":"2023-10-11T02:24:00","modified_gmt":"2023-10-11T00:24:00","slug":"wou-board-game","status":"publish","type":"page","link":"https:\/\/tablegames.company\/de\/wou-board-game\/","title":{"rendered":"WoU Board Games"},"content":{"rendered":"<div data-elementor-type=\"wp-page\" data-elementor-id=\"608\" class=\"elementor elementor-608\">\n\t\t\t\t<div class=\"elementor-element elementor-element-a974419 e-flex e-con-boxed e-con e-parent\" data-id=\"a974419\" data-element_type=\"container\" data-e-type=\"container\" data-no-translation=\"\">\n\t\t\t\t\t<div class=\"e-con-inner\">\n\t\t\t\t<div class=\"elementor-element elementor-element-0c67bd6 elementor-widget elementor-widget-heading\" data-id=\"0c67bd6\" data-element_type=\"widget\" data-e-type=\"widget\" data-widget_type=\"heading.default\">\n\t\t\t\t<div class=\"elementor-widget-container\">\n\t\t\t\t\t<h1 class=\"elementor-heading-title elementor-size-large\">\u00dcberleben, Pl\u00fcndern und Zusammenarbeit:<br> Das Faszinierende am Zombie-Survival im WoU Brettspiel<\/h1>\t\t\t\t<\/div>\n\t\t\t\t<\/div>\n\t\t\t\t<div class=\"elementor-element elementor-element-2c79d20 elementor-widget elementor-widget-text-editor\" data-id=\"2c79d20\" data-element_type=\"widget\" data-e-type=\"widget\" data-widget_type=\"text-editor.default\">\n\t\t\t\t<div class=\"elementor-widget-container\">\n\t\t\t\t\t\t\t\t\t<p>Das Genre der Zombie-Survival-Brettspiele bietet ein fesselndes Spielerlebnis, das die Themen \u00dcberleben, Pl\u00fcndern, F\u00e4higkeiten und Kooperation in den Mittelpunkt stellt. Fasziniert von der neuen Welt aus <a href=\"https:\/\/www.worlds-of-universe.com\/de\" target=\"_blank\" rel=\"noopener\">WORLDS of UNIVERSE<\/a> im kommenden <strong>WoU Brettspiel<\/strong>, erkunden wir die aufregende Welt dieser Spiele und was sie so einzigartig macht.<\/p>\t\t\t\t\t\t\t\t<\/div>\n\t\t\t\t<\/div>\n\t\t\t\t<div class=\"elementor-element elementor-element-d246d9a elementor-widget elementor-widget-heading\" data-id=\"d246d9a\" data-element_type=\"widget\" data-e-type=\"widget\" data-widget_type=\"heading.default\">\n\t\t\t\t<div class=\"elementor-widget-container\">\n\t\t\t\t\t<h3 class=\"elementor-heading-title elementor-size-large\">Der Nervenkitzel des \u00dcberlebens<\/h3>\t\t\t\t<\/div>\n\t\t\t\t<\/div>\n\t\t\t\t<div class=\"elementor-element elementor-element-a966996 elementor-widget elementor-widget-text-editor\" data-id=\"a966996\" data-element_type=\"widget\" data-e-type=\"widget\" data-widget_type=\"text-editor.default\">\n\t\t\t\t<div class=\"elementor-widget-container\">\n\t\t\t\t\t\t\t\t\t<p>Zombie-Survival-Brettspiele sind f\u00fcr ihren intensiven \u00dcberlebensaspekt bekannt. Spieler m\u00fcssen kluge Entscheidungen treffen, Ressourcen verwalten und taktische F\u00e4higkeiten einsetzen, um den gnadenlosen Zombie-Horden zu entkommen. Dabei ist die Spannung und der Nervenkitzel garantiert.<\/p>\t\t\t\t\t\t\t\t<\/div>\n\t\t\t\t<\/div>\n\t\t\t\t<div class=\"elementor-element elementor-element-0b53b1f elementor-widget elementor-widget-heading\" data-id=\"0b53b1f\" data-element_type=\"widget\" data-e-type=\"widget\" data-widget_type=\"heading.default\">\n\t\t\t\t<div class=\"elementor-widget-container\">\n\t\t\t\t\t<h3 class=\"elementor-heading-title elementor-size-large\">Pl\u00fcndern f\u00fcrs \u00dcberleben<\/h3>\t\t\t\t<\/div>\n\t\t\t\t<\/div>\n\t\t\t\t<div class=\"elementor-element elementor-element-b883559 elementor-widget elementor-widget-text-editor\" data-id=\"b883559\" data-element_type=\"widget\" data-e-type=\"widget\" data-widget_type=\"text-editor.default\">\n\t\t\t\t<div class=\"elementor-widget-container\">\n\t\t\t\t\t\t\t\t\t<p>Das Pl\u00fcndern ist ein zentraler Bestandteil dieser Spiele. Spieler durchsuchen verlassene Orte nach Vorr\u00e4ten, Waffen und Ausr\u00fcstung, die ihnen helfen, in der postapokalyptischen Welt zu \u00fcberleben. Die Suche nach wertvollen Gegenst\u00e4nden kann entscheidend sein und erfordert kluges Vorgehen.<\/p>\t\t\t\t\t\t\t\t<\/div>\n\t\t\t\t<\/div>\n\t\t\t\t<div class=\"elementor-element elementor-element-adf567f elementor-widget elementor-widget-heading\" data-id=\"adf567f\" data-element_type=\"widget\" data-e-type=\"widget\" data-widget_type=\"heading.default\">\n\t\t\t\t<div class=\"elementor-widget-container\">\n\t\t\t\t\t<h3 class=\"elementor-heading-title elementor-size-large\">Entwicklung von F\u00e4higkeiten<\/h3>\t\t\t\t<\/div>\n\t\t\t\t<\/div>\n\t\t\t\t<div class=\"elementor-element elementor-element-8bf06b2 elementor-widget elementor-widget-text-editor\" data-id=\"8bf06b2\" data-element_type=\"widget\" data-e-type=\"widget\" data-widget_type=\"text-editor.default\">\n\t\t\t\t<div class=\"elementor-widget-container\">\n\t\t\t\t\t\t\t\t\t<p>Eine weitere faszinierende Dimension dieser Spiele ist die Entwicklung von F\u00e4higkeiten. Charaktere k\u00f6nnen im Laufe des Spiels neue Fertigkeiten erlernen und sich weiterentwickeln, was die M\u00f6glichkeiten zur Bew\u00e4ltigung der Herausforderungen erweitert. Dieser Aspekt sorgt f\u00fcr Langzeitmotivation und taktische Tiefe.<\/p>\t\t\t\t\t\t\t\t<\/div>\n\t\t\t\t<\/div>\n\t\t\t\t<div class=\"elementor-element elementor-element-dcbd57e elementor-widget elementor-widget-heading\" data-id=\"dcbd57e\" data-element_type=\"widget\" data-e-type=\"widget\" data-widget_type=\"heading.default\">\n\t\t\t\t<div class=\"elementor-widget-container\">\n\t\t\t\t\t<h3 class=\"elementor-heading-title elementor-size-large\">Zusammenarbeit und Teamwork im WoU Brettspiel<\/h3>\t\t\t\t<\/div>\n\t\t\t\t<\/div>\n\t\t\t\t<div class=\"elementor-element elementor-element-ba893d9 elementor-widget elementor-widget-text-editor\" data-id=\"ba893d9\" data-element_type=\"widget\" data-e-type=\"widget\" data-widget_type=\"text-editor.default\">\n\t\t\t\t<div class=\"elementor-widget-container\">\n\t\t\t\t\t\t\t\t\t<p>In einer Welt, die von Zombies heimgesucht wird, ist Teamarbeit von entscheidender Bedeutung. Zombie-Survival-Brettspiele f\u00f6rdern die Zusammenarbeit zwischen den Spielern, da sie gemeinsam Strategien entwickeln, um zu \u00fcberleben. Das Teilen von Ressourcen und die Koordination sind der Schl\u00fcssel zum Erfolg.<\/p>\t\t\t\t\t\t\t\t<\/div>\n\t\t\t\t<\/div>\n\t\t\t\t<div class=\"elementor-element elementor-element-715fb07 elementor-widget elementor-widget-heading\" data-id=\"715fb07\" data-element_type=\"widget\" data-e-type=\"widget\" data-widget_type=\"heading.default\">\n\t\t\t\t<div class=\"elementor-widget-container\">\n\t\t\t\t\t<h3 class=\"elementor-heading-title elementor-size-large\">Starte in die Zombie'kalypse von WORLDS of UNIVERSE<\/h3>\t\t\t\t<\/div>\n\t\t\t\t<\/div>\n\t\t\t\t<div class=\"elementor-element elementor-element-08cadd4 elementor-widget elementor-widget-text-editor\" data-id=\"08cadd4\" data-element_type=\"widget\" data-e-type=\"widget\" data-widget_type=\"text-editor.default\">\n\t\t\t\t<div class=\"elementor-widget-container\">\n\t\t\t\t\t\t\t\t\t<p>Das Genre der Zombie-Survival-Brettspiele bietet ein aufregendes Spielerlebnis, das das Beste aus \u00dcberlebenskunst, Pl\u00fcndern, F\u00e4higkeitenentwicklung und Teamwork vereint. WORLDS of UNIVERSE bietet stundenlange Spannung und Unterhaltung f\u00fcr alle, die sich den Herausforderungen der Zombie-Apokalypse stellen m\u00f6chten. Tauche ein in diese fesselnde Welt und erlebe den Nervenkitzel des \u00dcberlebens!<\/p>\t\t\t\t\t\t\t\t<\/div>\n\t\t\t\t<\/div>\n\t\t\t\t<div class=\"elementor-element elementor-element-7c08345 elementor-align-center animated-slow elementor-invisible elementor-widget elementor-widget-button\" data-id=\"7c08345\" data-element_type=\"widget\" data-e-type=\"widget\" data-settings=\"{&quot;_animation&quot;:&quot;headShake&quot;,&quot;_animation_delay&quot;:3000}\" data-widget_type=\"button.default\">\n\t\t\t\t<div class=\"elementor-widget-container\">\n\t\t\t\t\t\t\t\t\t<div class=\"elementor-button-wrapper\">\n\t\t\t\t\t<a class=\"elementor-button elementor-button-link elementor-size-xl\" href=\"https:\/\/tablegames.company\/de\/\">\n\t\t\t\t\t\t<span class=\"elementor-button-content-wrapper\">\n\t\t\t\t\t\t<span class=\"elementor-button-icon\">\n\t\t\t\t<i aria-hidden=\"true\" class=\"far fa-arrow-alt-circle-right\"><\/i>\t\t\t<\/span>\n\t\t\t\t\t\t\t\t\t<span class=\"elementor-button-text\">weiter zu den News<\/span>\n\t\t\t\t\t<\/span>\n\t\t\t\t\t<\/a>\n\t\t\t\t<\/div>\n\t\t\t\t\t\t\t\t<\/div>\n\t\t\t\t<\/div>\n\t\t\t\t\t<\/div>\n\t\t\t\t<\/div>\n\t\t<div class=\"elementor-element elementor-element-49558416 e-flex e-con-boxed e-con e-parent\" data-id=\"49558416\" data-element_type=\"container\" data-e-type=\"container\" data-no-translation=\"\">\n\t\t\t\t\t<div class=\"e-con-inner\">\n\t\t<div class=\"elementor-element elementor-element-54c3338e e-con-full e-flex e-con e-child\" data-id=\"54c3338e\" data-element_type=\"container\" data-e-type=\"container\">\n\t\t<div class=\"elementor-element elementor-element-1751e862 e-con-full e-flex e-con e-child\" data-id=\"1751e862\" data-element_type=\"container\" data-e-type=\"container\">\n\t\t\t\t<div class=\"elementor-element elementor-element-8822e80 premium-mask-yes premium-mask-tb premium-header-inline premium-lq__none premium-box-lq__none elementor-widget elementor-widget-premium-addon-dual-header\" data-id=\"8822e80\" data-element_type=\"widget\" data-e-type=\"widget\" data-widget_type=\"premium-addon-dual-header.default\">\n\t\t\t\t\t\n\t\t<div class=\"elementor-widget-container\">\n\t\t\t\t\t<h2 class=\"premium-dual-header-first-header\"><span class=\"premium-dual-header-first-span\">M\u00f6chtest Du der <\/span><span class=\"premium-dual-header-second-header\">Company beitreten?<\/span><\/h2> \t\t\t\t<\/div>\n\n\t\t\t\t\t\t<\/div>\n\t\t\t\t<\/div>\n\t\t<div class=\"elementor-element elementor-element-52e617d4 e-con-full e-flex e-con e-child\" data-id=\"52e617d4\" data-element_type=\"container\" data-e-type=\"container\">\n\t\t\t\t<div class=\"elementor-element elementor-element-1f326f9e elementor-align-center animated-slow elementor-invisible elementor-widget elementor-widget-button\" data-id=\"1f326f9e\" data-element_type=\"widget\" data-e-type=\"widget\" data-settings=\"{&quot;_animation&quot;:&quot;headShake&quot;,&quot;_animation_delay&quot;:1000}\" data-widget_type=\"button.default\">\n\t\t\t\t<div class=\"elementor-widget-container\">\n\t\t\t\t\t\t\t\t\t<div class=\"elementor-button-wrapper\">\n\t\t\t\t\t<a class=\"elementor-button elementor-button-link elementor-size-xl\" href=\"https:\/\/tablegames.company\/newsletter\/\">\n\t\t\t\t\t\t<span class=\"elementor-button-content-wrapper\">\n\t\t\t\t\t\t<span class=\"elementor-button-icon\">\n\t\t\t\t<i aria-hidden=\"true\" class=\"fas fa-feather-alt\"><\/i>\t\t\t<\/span>\n\t\t\t\t\t\t\t\t\t<span class=\"elementor-button-text\">Newsletter abonnieren \ud83d\ude42<\/span>\n\t\t\t\t\t<\/span>\n\t\t\t\t\t<\/a>\n\t\t\t\t<\/div>\n\t\t\t\t\t\t\t\t<\/div>\n\t\t\t\t<\/div>\n\t\t\t\t<div class=\"elementor-element elementor-element-41e22dc4 elementor-align-center animated-slow elementor-invisible elementor-widget elementor-widget-button\" data-id=\"41e22dc4\" data-element_type=\"widget\" data-e-type=\"widget\" data-settings=\"{&quot;_animation&quot;:&quot;headShake&quot;,&quot;_animation_delay&quot;:2000}\" data-widget_type=\"button.default\">\n\t\t\t\t<div class=\"elementor-widget-container\">\n\t\t\t\t\t\t\t\t\t<div class=\"elementor-button-wrapper\">\n\t\t\t\t\t<a class=\"elementor-button elementor-button-link elementor-size-xl\" href=\"#\">\n\t\t\t\t\t\t<span class=\"elementor-button-content-wrapper\">\n\t\t\t\t\t\t<span class=\"elementor-button-icon\">\n\t\t\t\t<i aria-hidden=\"true\" class=\"fas fa-heart\"><\/i>\t\t\t<\/span>\n\t\t\t\t\t\t\t\t\t<span class=\"elementor-button-text\">Community besuchen<\/span>\n\t\t\t\t\t<\/span>\n\t\t\t\t\t<\/a>\n\t\t\t\t<\/div>\n\t\t\t\t\t\t\t\t<\/div>\n\t\t\t\t<\/div>\n\t\t\t\t<\/div>\n\t\t\t\t<\/div>\n\t\t\t\t\t<\/div>\n\t\t\t\t<\/div>\n\t\t\t\t<\/div>","protected":false},"excerpt":{"rendered":"<p>Survival, scavenging, and cooperation: what&#8217;s fascinating about the zombie survival &#8220;WoU&#8221; board game. The zombie survival board game genre offers an immersive gaming experience that focuses on survival, scavenging, skills, and cooperation. Intrigued by the new world from WORLDS of UNIVERSE in the upcoming WoU board game, we explore the exciting world of these games [&hellip;]<\/p>\n","protected":false},"author":1,"featured_media":637,"parent":0,"menu_order":0,"comment_status":"closed","ping_status":"closed","template":"elementor_header_footer","meta":{"footnotes":""},"class_list":["post-608","page","type-page","status-publish","has-post-thumbnail","hentry"],"yoast_head":"<!-- This site is optimized with the Yoast SEO plugin v27.4 - https:\/\/yoast.com\/product\/yoast-seo-wordpress\/ -->\n<title>WoU Board Games - Table Games Company<\/title>\n<meta name=\"description\" content=\"Experience the thrill of zombie survival board games: Survival, scavenging, skills &amp; cooperation. Unique adventure in WoU board game.\" \/>\n<meta name=\"robots\" content=\"index, follow, max-snippet:-1, max-image-preview:large, max-video-preview:-1\" \/>\n<link rel=\"canonical\" href=\"https:\/\/tablegames.company\/de\/wou-board-game\/\" \/>\n<meta property=\"og:locale\" content=\"de_DE\" \/>\n<meta property=\"og:type\" content=\"article\" \/>\n<meta property=\"og:title\" content=\"WoU Board Games - Table Games Company\" \/>\n<meta property=\"og:description\" content=\"Experience the thrill of zombie survival board games: Survival, scavenging, skills &amp; cooperation. Unique adventure in WoU board game.\" \/>\n<meta property=\"og:url\" content=\"https:\/\/tablegames.company\/de\/wou-board-game\/\" \/>\n<meta property=\"og:site_name\" content=\"Table Games Company\" \/>\n<meta property=\"article:publisher\" content=\"https:\/\/www.facebook.com\/tablegamecompany\/\" \/>\n<meta property=\"article:modified_time\" content=\"2023-10-11T00:24:00+00:00\" \/>\n<meta property=\"og:image\" content=\"https:\/\/tablegames.company\/wp-content\/uploads\/2023\/09\/WoU-Profil.png\" \/>\n\t<meta property=\"og:image:width\" content=\"512\" \/>\n\t<meta property=\"og:image:height\" content=\"512\" \/>\n\t<meta property=\"og:image:type\" content=\"image\/png\" \/>\n<meta name=\"twitter:card\" content=\"summary_large_image\" \/>\n<meta name=\"twitter:site\" content=\"@tablegamenews\" \/>\n<meta name=\"twitter:label1\" content=\"Gesch\u00e4tzte Lesezeit\" \/>\n\t<meta name=\"twitter:data1\" content=\"4\u00a0Minuten\" \/>\n<script type=\"application\/ld+json\" class=\"yoast-schema-graph\">{\"@context\":\"https:\\\/\\\/schema.org\",\"@graph\":[{\"@type\":\"WebPage\",\"@id\":\"https:\\\/\\\/tablegames.company\\\/wou-board-game\\\/\",\"url\":\"https:\\\/\\\/tablegames.company\\\/wou-board-game\\\/\",\"name\":\"WoU Board Games - Table Games Company\",\"isPartOf\":{\"@id\":\"https:\\\/\\\/tablegames.company\\\/#website\"},\"primaryImageOfPage\":{\"@id\":\"https:\\\/\\\/tablegames.company\\\/wou-board-game\\\/#primaryimage\"},\"image\":{\"@id\":\"https:\\\/\\\/tablegames.company\\\/wou-board-game\\\/#primaryimage\"},\"thumbnailUrl\":\"https:\\\/\\\/tablegames.company\\\/wp-content\\\/uploads\\\/2023\\\/09\\\/WoU-Profil.png\",\"datePublished\":\"2023-09-13T22:25:42+00:00\",\"dateModified\":\"2023-10-11T00:24:00+00:00\",\"description\":\"Experience the thrill of zombie survival board games: Survival, scavenging, skills & cooperation. Unique adventure in WoU board game.\",\"breadcrumb\":{\"@id\":\"https:\\\/\\\/tablegames.company\\\/wou-board-game\\\/#breadcrumb\"},\"inLanguage\":\"de\",\"potentialAction\":[{\"@type\":\"ReadAction\",\"target\":[\"https:\\\/\\\/tablegames.company\\\/wou-board-game\\\/\"]}]},{\"@type\":\"ImageObject\",\"inLanguage\":\"de\",\"@id\":\"https:\\\/\\\/tablegames.company\\\/wou-board-game\\\/#primaryimage\",\"url\":\"https:\\\/\\\/tablegames.company\\\/wp-content\\\/uploads\\\/2023\\\/09\\\/WoU-Profil.png\",\"contentUrl\":\"https:\\\/\\\/tablegames.company\\\/wp-content\\\/uploads\\\/2023\\\/09\\\/WoU-Profil.png\",\"width\":512,\"height\":512,\"caption\":\"WoU-Profil\"},{\"@type\":\"BreadcrumbList\",\"@id\":\"https:\\\/\\\/tablegames.company\\\/wou-board-game\\\/#breadcrumb\",\"itemListElement\":[{\"@type\":\"ListItem\",\"position\":1,\"name\":\"Startseite\",\"item\":\"https:\\\/\\\/tablegames.company\\\/\"},{\"@type\":\"ListItem\",\"position\":2,\"name\":\"WoU Board Games\"}]},{\"@type\":\"WebSite\",\"@id\":\"https:\\\/\\\/tablegames.company\\\/#website\",\"url\":\"https:\\\/\\\/tablegames.company\\\/\",\"name\":\"Table Game Company - Board Games \\\/ Tabletop\",\"description\":\"Creation of Board-Game &amp; Tabletop\",\"publisher\":{\"@id\":\"https:\\\/\\\/tablegames.company\\\/#organization\"},\"alternateName\":\"TGC - Board Games \\\/ Tabletop\",\"potentialAction\":[{\"@type\":\"SearchAction\",\"target\":{\"@type\":\"EntryPoint\",\"urlTemplate\":\"https:\\\/\\\/tablegames.company\\\/?s={search_term_string}\"},\"query-input\":{\"@type\":\"PropertyValueSpecification\",\"valueRequired\":true,\"valueName\":\"search_term_string\"}}],\"inLanguage\":\"de\"},{\"@type\":\"Organization\",\"@id\":\"https:\\\/\\\/tablegames.company\\\/#organization\",\"name\":\"Table Game Company\",\"url\":\"https:\\\/\\\/tablegames.company\\\/\",\"logo\":{\"@type\":\"ImageObject\",\"inLanguage\":\"de\",\"@id\":\"https:\\\/\\\/tablegames.company\\\/#\\\/schema\\\/logo\\\/image\\\/\",\"url\":\"https:\\\/\\\/tablegames.company\\\/wp-content\\\/uploads\\\/2025\\\/09\\\/TGC-Logo-color.png\",\"contentUrl\":\"https:\\\/\\\/tablegames.company\\\/wp-content\\\/uploads\\\/2025\\\/09\\\/TGC-Logo-color.png\",\"width\":511,\"height\":251,\"caption\":\"Table Game Company\"},\"image\":{\"@id\":\"https:\\\/\\\/tablegames.company\\\/#\\\/schema\\\/logo\\\/image\\\/\"},\"sameAs\":[\"https:\\\/\\\/www.facebook.com\\\/tablegamecompany\\\/\",\"https:\\\/\\\/x.com\\\/tablegamenews\",\"https:\\\/\\\/www.tiktok.com\\\/@tablegamecompany\",\"https:\\\/\\\/discord.gg\\\/s5VD94jWXV\"]}]}<\/script>\n<!-- \/ Yoast SEO plugin. -->","yoast_head_json":{"title":"WoU Board Games - Table Games Company","description":"Experience the thrill of zombie survival board games: Survival, scavenging, skills & cooperation. Unique adventure in WoU board game.","robots":{"index":"index","follow":"follow","max-snippet":"max-snippet:-1","max-image-preview":"max-image-preview:large","max-video-preview":"max-video-preview:-1"},"canonical":"https:\/\/tablegames.company\/de\/wou-board-game\/","og_locale":"de_DE","og_type":"article","og_title":"WoU Board Games - Table Games Company","og_description":"Experience the thrill of zombie survival board games: Survival, scavenging, skills & cooperation. Unique adventure in WoU board game.","og_url":"https:\/\/tablegames.company\/de\/wou-board-game\/","og_site_name":"Table Games Company","article_publisher":"https:\/\/www.facebook.com\/tablegamecompany\/","article_modified_time":"2023-10-11T00:24:00+00:00","og_image":[{"width":512,"height":512,"url":"https:\/\/tablegames.company\/wp-content\/uploads\/2023\/09\/WoU-Profil.png","type":"image\/png"}],"twitter_card":"summary_large_image","twitter_site":"@tablegamenews","twitter_misc":{"Gesch\u00e4tzte Lesezeit":"4\u00a0Minuten"},"schema":{"@context":"https:\/\/schema.org","@graph":[{"@type":"WebPage","@id":"https:\/\/tablegames.company\/wou-board-game\/","url":"https:\/\/tablegames.company\/wou-board-game\/","name":"WoU Board Games - Table Games Company","isPartOf":{"@id":"https:\/\/tablegames.company\/#website"},"primaryImageOfPage":{"@id":"https:\/\/tablegames.company\/wou-board-game\/#primaryimage"},"image":{"@id":"https:\/\/tablegames.company\/wou-board-game\/#primaryimage"},"thumbnailUrl":"https:\/\/tablegames.company\/wp-content\/uploads\/2023\/09\/WoU-Profil.png","datePublished":"2023-09-13T22:25:42+00:00","dateModified":"2023-10-11T00:24:00+00:00","description":"Experience the thrill of zombie survival board games: Survival, scavenging, skills & cooperation. Unique adventure in WoU board game.","breadcrumb":{"@id":"https:\/\/tablegames.company\/wou-board-game\/#breadcrumb"},"inLanguage":"de","potentialAction":[{"@type":"ReadAction","target":["https:\/\/tablegames.company\/wou-board-game\/"]}]},{"@type":"ImageObject","inLanguage":"de","@id":"https:\/\/tablegames.company\/wou-board-game\/#primaryimage","url":"https:\/\/tablegames.company\/wp-content\/uploads\/2023\/09\/WoU-Profil.png","contentUrl":"https:\/\/tablegames.company\/wp-content\/uploads\/2023\/09\/WoU-Profil.png","width":512,"height":512,"caption":"WoU-Profil"},{"@type":"BreadcrumbList","@id":"https:\/\/tablegames.company\/wou-board-game\/#breadcrumb","itemListElement":[{"@type":"ListItem","position":1,"name":"Startseite","item":"https:\/\/tablegames.company\/"},{"@type":"ListItem","position":2,"name":"WoU Board Games"}]},{"@type":"WebSite","@id":"https:\/\/tablegames.company\/#website","url":"https:\/\/tablegames.company\/","name":"Table Game Company - Board Games \/ Tabletop","description":"Creation of Board-Game &amp; Tabletop","publisher":{"@id":"https:\/\/tablegames.company\/#organization"},"alternateName":"TGC - Board Games \/ Tabletop","potentialAction":[{"@type":"SearchAction","target":{"@type":"EntryPoint","urlTemplate":"https:\/\/tablegames.company\/?s={search_term_string}"},"query-input":{"@type":"PropertyValueSpecification","valueRequired":true,"valueName":"search_term_string"}}],"inLanguage":"de"},{"@type":"Organization","@id":"https:\/\/tablegames.company\/#organization","name":"Table Game Company","url":"https:\/\/tablegames.company\/","logo":{"@type":"ImageObject","inLanguage":"de","@id":"https:\/\/tablegames.company\/#\/schema\/logo\/image\/","url":"https:\/\/tablegames.company\/wp-content\/uploads\/2025\/09\/TGC-Logo-color.png","contentUrl":"https:\/\/tablegames.company\/wp-content\/uploads\/2025\/09\/TGC-Logo-color.png","width":511,"height":251,"caption":"Table Game Company"},"image":{"@id":"https:\/\/tablegames.company\/#\/schema\/logo\/image\/"},"sameAs":["https:\/\/www.facebook.com\/tablegamecompany\/","https:\/\/x.com\/tablegamenews","https:\/\/www.tiktok.com\/@tablegamecompany","https:\/\/discord.gg\/s5VD94jWXV"]}]}},"_links":{"self":[{"href":"https:\/\/tablegames.company\/de\/wp-json\/wp\/v2\/pages\/608","targetHints":{"allow":["GET"]}}],"collection":[{"href":"https:\/\/tablegames.company\/de\/wp-json\/wp\/v2\/pages"}],"about":[{"href":"https:\/\/tablegames.company\/de\/wp-json\/wp\/v2\/types\/page"}],"author":[{"embeddable":true,"href":"https:\/\/tablegames.company\/de\/wp-json\/wp\/v2\/users\/1"}],"replies":[{"embeddable":true,"href":"https:\/\/tablegames.company\/de\/wp-json\/wp\/v2\/comments?post=608"}],"version-history":[{"count":0,"href":"https:\/\/tablegames.company\/de\/wp-json\/wp\/v2\/pages\/608\/revisions"}],"wp:featuredmedia":[{"embeddable":true,"href":"https:\/\/tablegames.company\/de\/wp-json\/wp\/v2\/media\/637"}],"wp:attachment":[{"href":"https:\/\/tablegames.company\/de\/wp-json\/wp\/v2\/media?parent=608"}],"curies":[{"name":"wp","href":"https:\/\/api.w.org\/{rel}","templated":true}]}}